{"id":855,"date":"2020-01-19T20:11:51","date_gmt":"2020-01-19T19:11:51","guid":{"rendered":"http:\/\/arcoyflecha.com\/frontpage\/"},"modified":"2025-12-16T13:07:04","modified_gmt":"2025-12-16T12:07:04","slug":"frontpage","status":"publish","type":"page","link":"https:\/\/arcoyflecha.com\/es\/","title":{"rendered":"Arco &#038; flecha productora"},"content":{"rendered":"\n<div class=\"wp-block-columns is-layout-flex wp-container-core-columns-is-layout-9d6595d7 wp-block-columns-is-layout-flex\">\n<div class=\"wp-block-column is-layout-flow wp-block-column-is-layout-flow\">\n<figure class=\"wp-block-image size-full is-resized\"><img loading=\"lazy\" decoding=\"async\" width=\"1645\" height=\"1645\" src=\"http:\/\/arcoyflecha.com\/content\/uploads\/2025\/05\/IMG_4462-edited-1.jpg\" alt=\"\" class=\"wp-image-3050\" style=\"width:294px;height:auto\" srcset=\"https:\/\/arcoyflecha.com\/content\/uploads\/2025\/05\/IMG_4462-edited-1.jpg 1645w, https:\/\/arcoyflecha.com\/content\/uploads\/2025\/05\/IMG_4462-edited-1-1080x1080.jpg 1080w, https:\/\/arcoyflecha.com\/content\/uploads\/2025\/05\/IMG_4462-edited-1-150x150.jpg 150w, https:\/\/arcoyflecha.com\/content\/uploads\/2025\/05\/IMG_4462-edited-1-768x768.jpg 768w, https:\/\/arcoyflecha.com\/content\/uploads\/2025\/05\/IMG_4462-edited-1-1536x1536.jpg 1536w, https:\/\/arcoyflecha.com\/content\/uploads\/2025\/05\/IMG_4462-edited-1-800x800.jpg 800w\" sizes=\"auto, (max-width: 1645px) 100vw, 1645px\" \/><\/figure>\n\n\n\n<h2 class=\"wp-block-heading editorskit-no-desktop\">En vivo<\/h2>\n\n\n\n<ul class=\"is-style-arrow wp-block-list\">\n<li class=\"has-regular-font-size\"><a href=\"https:\/\/arcoyflecha.com\/es\/en-vivo\/ise-2026-barcelona-activa\/\" class=\"ek-link\">ISE 2026: Barcelona Activa<\/a><\/li>\n\n\n\n<li class=\"has-regular-font-size\"><a href=\"https:\/\/arcoyflecha.com\/es\/en-vivo\/primavera-pop-2020\/\" class=\"ek-link\">Primavera Pop 2026<\/a><\/li>\n\n\n\n<li class=\"has-regular-font-size\"><a href=\"https:\/\/arcoyflecha.com\/es\/en-vivo\/sonar-nit-2020\/\" class=\"ek-link\">S\u00f3nar 2026<\/a><\/li>\n\n\n\n<li class=\"has-regular-font-size\"><a href=\"https:\/\/arcoyflecha.com\/es\/en-vivo\/monegros-desert-festival-2020\/\" class=\"ek-link\">Monegros Desert Festival 2026<\/a><\/li>\n\n\n\n<li class=\"has-regular-font-size\"><a href=\"https:\/\/arcoyflecha.com\/es\/experiencia\/mercat-de-musica-viva\/\" class=\"ek-link\">Mercat de M\u00fasica Viva de Vic 2026<\/a><\/li>\n<\/ul>\n\n\n\n<div style=\"height:24px\" aria-hidden=\"true\" class=\"wp-block-spacer editorskit-no-desktop\"><\/div>\n<\/div>\n\n\n\n<div class=\"wp-block-column is-layout-flow wp-block-column-is-layout-flow\">\n<figure class=\"wp-block-image size-full is-resized\"><img loading=\"lazy\" decoding=\"async\" width=\"1041\" height=\"1041\" src=\"http:\/\/arcoyflecha.com\/content\/uploads\/2024\/12\/IMG_4424-edited-2.jpg\" alt=\"\" class=\"wp-image-2999\" style=\"width:294px;height:auto\" srcset=\"https:\/\/arcoyflecha.com\/content\/uploads\/2024\/12\/IMG_4424-edited-2.jpg 1041w, https:\/\/arcoyflecha.com\/content\/uploads\/2024\/12\/IMG_4424-edited-2-150x150.jpg 150w, https:\/\/arcoyflecha.com\/content\/uploads\/2024\/12\/IMG_4424-edited-2-768x768.jpg 768w, https:\/\/arcoyflecha.com\/content\/uploads\/2024\/12\/IMG_4424-edited-2-800x800.jpg 800w\" sizes=\"auto, (max-width: 1041px) 100vw, 1041px\" \/><\/figure>\n\n\n\n<h2 class=\"wp-block-heading editorskit-no-desktop\">Servicios<\/h2>\n\n\n\n<ul class=\"is-style-arrow wp-block-list\">\n<li class=\"has-regular-font-size\"><a href=\"https:\/\/arcoyflecha.com\/es\/formatos\/produccion-integral\/\" class=\"ek-link\">Producci\u00f3n integral<\/a><\/li>\n\n\n\n<li class=\"has-regular-font-size\"><a class=\"ek-link\" href=\"https:\/\/arcoyflecha.com\/es\/servicios\/contractacio-artistica\/\">Contractaci\u00f3n art\u00edstica<\/a><\/li>\n\n\n\n<li class=\"has-regular-font-size\"><a href=\"https:\/\/arcoyflecha.com\/es\/servicios\/tecnica\/\" class=\"ek-link\">T\u00e9cnica<\/a><\/li>\n\n\n\n<li class=\"has-regular-font-size\"><a href=\"https:\/\/arcoyflecha.com\/es\/formatos\/infraestructuras\/\">Infraestructuras<\/a><\/li>\n\n\n\n<li class=\"has-regular-font-size\"><a href=\"https:\/\/arcoyflecha.com\/es\/formatos\/sostenibilidad\/\">Sostenibilidad<\/a><\/li>\n\n\n\n<li class=\"has-regular-font-size\"><a href=\"https:\/\/arcoyflecha.com\/es\/formatos\/seguridad-y-control-de-accesos\/\">Seguridad y control de accesos<\/a><\/li>\n\n\n\n<li class=\"has-regular-font-size\"><a href=\"https:\/\/arcoyflecha.com\/es\/formatos\/atencion-y-hospitality-artistas\/\" class=\"ek-link\">Atenci\u00f3n y hospitalidad artistas<\/a><\/li>\n\n\n\n<li class=\"has-regular-font-size\"><a href=\"https:\/\/arcoyflecha.com\/es\/servicios\/produccion-de-bares\/\" class=\"ek-link\">Producci\u00f3n de bares<\/a><\/li>\n<\/ul>\n<\/div>\n\n\n\n<div class=\"wp-block-column is-layout-flow wp-block-column-is-layout-flow\">\n<figure class=\"wp-block-image size-large is-resized\"><a href=\"https:\/\/arcoyflecha.com\/es\/equipo\/\"><img loading=\"lazy\" decoding=\"async\" width=\"801\" height=\"801\" src=\"http:\/\/arcoyflecha.com\/content\/uploads\/2020\/06\/equip.jpg\" alt=\"\" class=\"wp-image-847\" style=\"width:292px;height:auto\" srcset=\"https:\/\/arcoyflecha.com\/content\/uploads\/2020\/06\/equip.jpg 801w, https:\/\/arcoyflecha.com\/content\/uploads\/2020\/06\/equip-150x150.jpg 150w, https:\/\/arcoyflecha.com\/content\/uploads\/2020\/06\/equip-768x768.jpg 768w\" sizes=\"auto, (max-width: 801px) 100vw, 801px\" \/><\/a><\/figure>\n\n\n\n<h2 class=\"wp-block-heading editorskit-no-desktop\">Equip<\/h2>\n\n\n\n<p class=\"has-regular-font-size\">Expertos en la materia, producimos y gestionamos algunos de los espect\u00e1culos m\u00e1s populares de Espa\u00f1a.<\/p>\n\n\n\n<div style=\"height:24px\" aria-hidden=\"true\" class=\"wp-block-spacer editorskit-no-desktop\"><\/div>\n\n\n\n<p><\/p>\n<\/div>\n\n\n\n<div class=\"wp-block-column is-layout-flow wp-block-column-is-layout-flow\">\n<figure class=\"wp-block-image size-large is-resized\"><a href=\"https:\/\/arcoyflecha.com\/es\/experiencia\/\"><img loading=\"lazy\" decoding=\"async\" width=\"801\" height=\"801\" src=\"http:\/\/arcoyflecha.com\/content\/uploads\/2020\/06\/experiencia.jpg\" alt=\"\" class=\"wp-image-850\" style=\"width:291px;height:auto\" srcset=\"https:\/\/arcoyflecha.com\/content\/uploads\/2020\/06\/experiencia.jpg 801w, https:\/\/arcoyflecha.com\/content\/uploads\/2020\/06\/experiencia-150x150.jpg 150w, https:\/\/arcoyflecha.com\/content\/uploads\/2020\/06\/experiencia-768x768.jpg 768w\" sizes=\"auto, (max-width: 801px) 100vw, 801px\" \/><\/a><\/figure>\n\n\n\n<h2 class=\"wp-block-heading editorskit-no-desktop\">Experiencia<\/h2>\n\n\n\n<p class=\"has-regular-font-size\">Arco y Flecha desarrolla su trabajo desde 1995 como  productora de eventos de primera l\u00ednea en cualquier punto de Espa\u00f1a y el extranjero; convierte en realidad las ideas, adapta propuestas y servicios en funci\u00f3n de las necesidades de cada cliente y de las caracter\u00edsticas del proyecto, y cumple y mejora los objetivos. <\/p>\n\n\n\n<div style=\"height:24px\" aria-hidden=\"true\" class=\"wp-block-spacer editorskit-no-desktop\"><\/div>\n\n\n\n<p><\/p>\n<\/div>\n<\/div>\n\n\n\n<p>Arco &amp; Flecha es una Asociaci\u00f3n Cultural independiente con sede en Sant Cugat del Vall\u00e8s, Barcelona, dedicada a la producci\u00f3n de eventos y contrataci\u00f3n de m\u00fasica en vivo, que trabaja en todo el estado espa\u00f1ol y Europa. Tanto si necesitais una producci\u00f3n de eventos a gran escala como algo m\u00e1s peque\u00f1o, A&amp;F os puede ayudar a crear un espect\u00e1culo seguro y con \u00e9xito. Nuestro equipo os puede acompa\u00f1ar en todo el proceso, desde la concesi\u00f3n de licencias hasta la realizaci\u00f3n.<\/p>\n\n\n\n<p>P\u00f3ngase en contacto con nosotros<\/p>\n\n\n\n<p>Nos encantar\u00eda hablar contigo sobre c\u00f3mo nuestro equipo puede ayudarte a mejorar la experiencia de tus eventos en vivo.<\/p>\n\n\n\n<p>Cont\u00e1ctanos: <a href=\"mailto:info@arcoyflecha.es\" class=\"ek-link\">info@arcoyflecha.es<\/a><\/p>\n\n\n\n<div style=\"height:48px\" aria-hidden=\"true\" class=\"wp-block-spacer\"><\/div>\n\n\n\n<div style=\"height:48px\" aria-hidden=\"true\" class=\"wp-block-spacer\"><\/div>\n","protected":false},"excerpt":{"rendered":"<p>En vivo Servicios Equip Expertos en la materia, producimos y gestionamos algunos de los espect\u00e1culos m\u00e1s populares de Espa\u00f1a. Experiencia Arco y Flecha desarrolla su trabajo desde 1995 como productora de eventos de primera l\u00ednea en cualquier punto de Espa\u00f1a y el extranjero; convierte en realidad las ideas, adapta propuestas y servicios en funci\u00f3n de [&hellip;]<\/p>\n","protected":false},"author":4,"featured_media":0,"parent":0,"menu_order":0,"comment_status":"closed","ping_status":"closed","template":"","meta":{"_acf_changed":false,"_editorskit_title_hidden":false,"_editorskit_reading_time":1,"_editorskit_is_block_options_detached":false,"_editorskit_block_options_position":"{}","_genesis_hide_title":false,"_genesis_hide_breadcrumbs":false,"_genesis_hide_singular_image":false,"_genesis_hide_footer_widgets":false,"_genesis_custom_body_class":"","_genesis_custom_post_class":"","_genesis_layout":"","footnotes":""},"class_list":{"0":"post-855","1":"page","2":"type-page","3":"status-publish","5":"entry","6":"has-post-thumbnail"},"acf":[],"_links":{"self":[{"href":"https:\/\/arcoyflecha.com\/es\/wp-json\/wp\/v2\/pages\/855","targetHints":{"allow":["GET"]}}],"collection":[{"href":"https:\/\/arcoyflecha.com\/es\/wp-json\/wp\/v2\/pages"}],"about":[{"href":"https:\/\/arcoyflecha.com\/es\/wp-json\/wp\/v2\/types\/page"}],"author":[{"embeddable":true,"href":"https:\/\/arcoyflecha.com\/es\/wp-json\/wp\/v2\/users\/4"}],"replies":[{"embeddable":true,"href":"https:\/\/arcoyflecha.com\/es\/wp-json\/wp\/v2\/comments?post=855"}],"version-history":[{"count":3,"href":"https:\/\/arcoyflecha.com\/es\/wp-json\/wp\/v2\/pages\/855\/revisions"}],"predecessor-version":[{"id":3511,"href":"https:\/\/arcoyflecha.com\/es\/wp-json\/wp\/v2\/pages\/855\/revisions\/3511"}],"wp:attachment":[{"href":"https:\/\/arcoyflecha.com\/es\/wp-json\/wp\/v2\/media?parent=855"}],"curies":[{"name":"wp","href":"https:\/\/api.w.org\/{rel}","templated":true}]}}